{"id":3,"date":"2019-10-04T14:23:50","date_gmt":"2019-10-04T14:23:50","guid":{"rendered":"https:\/\/themes.muffingroup.com\/be\/plumber2\/?page_id=3"},"modified":"2022-02-16T16:02:25","modified_gmt":"2022-02-16T16:02:25","slug":"politica-privind-protectia-datelor-cu-caracter-personal","status":"publish","type":"page","link":"https:\/\/kosonproperty.ro\/index.php\/politica-privind-protectia-datelor-cu-caracter-personal\/","title":{"rendered":"POLITICA PRIVIND PROTEC\u021aIA DATELOR CU CARACTER PERSONAL"},"content":{"rendered":"\t\t<div data-elementor-type=\"wp-page\" data-elementor-id=\"3\" class=\"elementor elementor-3\" data-elementor-settings=\"[]\">\n\t\t\t\t\t\t\t<div class=\"elementor-section-wrap\">\n\t\t\t\t\t\t\t<section class=\"elementor-section elementor-top-section elementor-element elementor-element-4035f5b elementor-section-boxed elementor-section-height-default elementor-section-height-default\" data-id=\"4035f5b\" data-element_type=\"section\">\n\t\t\t\t\t\t<div class=\"elementor-container elementor-column-gap-default\">\n\t\t\t\t\t<div class=\"elementor-column elementor-col-100 elementor-top-column elementor-element elementor-element-3f332585\" data-id=\"3f332585\" data-element_type=\"column\">\n\t\t\t<div class=\"elementor-widget-wrap elementor-element-populated\">\n\t\t\t\t\t\t\t\t<div class=\"elementor-element elementor-element-1caaacd7 elementor-widget elementor-widget-text-editor\" data-id=\"1caaacd7\" data-element_type=\"widget\" data-widget_type=\"text-editor.default\">\n\t\t\t\t<div class=\"elementor-widget-container\">\n\t\t\t<style>\/*! elementor - v3.5.5 - 03-02-2022 *\/\n.elementor-widget-text-editor.elementor-drop-cap-view-stacked .elementor-drop-cap{background-color:#818a91;color:#fff}.elementor-widget-text-editor.elementor-drop-cap-view-framed .elementor-drop-cap{color:#818a91;border:3px solid;background-color:transparent}.elementor-widget-text-editor:not(.elementor-drop-cap-view-default) .elementor-drop-cap{margin-top:8px}.elementor-widget-text-editor:not(.elementor-drop-cap-view-default) .elementor-drop-cap-letter{width:1em;height:1em}.elementor-widget-text-editor .elementor-drop-cap{float:left;text-align:center;line-height:1;font-size:50px}.elementor-widget-text-editor .elementor-drop-cap-letter{display:inline-block}<\/style>\t\t\t\t<p><strong>\u00a0<\/strong><\/p>\n<p><strong>\u00a0<\/strong><\/p>\n<p><strong>POLITICA PRIVIND PROTEC\u021aIA DATELOR CU CARACTER PERSONAL<\/strong><\/p>\n<p>\u00a0<\/p>\n<p>Protec\u021bia datelor dumneavoastr\u0103 cu caracter personal este important\u0103 pentru noi, prin urmare, acord\u0103m o aten\u021bie deosebit\u0103 protej\u0103rii vie\u021bii private a vizitatorilor care acceseaz\u0103 site-ul <strong>kosonproperty.ro<\/strong>, (denumit \u00een continuare <strong>\u201eSite\u201d),<\/strong> \u00een conformitate cu Regulamentul (UE) 2016\/679 al Parlamentului European \u0219i al Consiliului din data de 27 aprilie 2016 privind protec\u021bia persoanelor fizice \u00een ceea ce prive\u0219te prelucrarea datelor cu caracter personal \u0219i libera circula\u021bie a acestor date (denumit \u00een continuare \u201c<strong>GDPR<\/strong>\u201d).<\/p>\n<p>\u00a0<\/p>\n<p>V\u0103 rug\u0103m s\u0103 acorda\u021bi o aten\u021bie deosebit\u0103 lectur\u0103rii urm\u0103toarei Politici pentru a \u00een\u021belege modul \u00een care vor fi tratate datele dumneavoastra\u0306 cu caracter personal.<\/p>\n<p>\u00a0<\/p>\n<p><strong>CINE SUNTEM?<\/strong><\/p>\n<p>\u00a0<\/p>\n<p>Suntem <strong>KOSON PROPERTY S.R.L.,<\/strong> cu sediul \u00een Bucure\u015fti, sector 1, str. ELENA CARAGIANI nr. 8-10, bloc. 3J, scara 2, etaj 1, ap. 24, \u00eenregistrat\u0103 la registrul comer\u021bului sub nr. J40\/11985\/2015, cod unic de identificare 35077023 \u015fi avem ca domeniu principal de activitate, activit\u0103\u0163i de dezvoltare\/promovare imobiliar\u0103.<\/p>\n<p>\u00a0<\/p>\n<p>Prin prezenta Politic\u0103, KOSON PROPERTY S.R.L. dore\u0219te s\u0103 informeze vizitatorii cu privire la modul \u00een care informa\u021biile dumneavoastr\u0103 sunt utilizate prin intermediul Site-ului, la natura datelor cu caracter personal pe care le prelucr\u0103m \u015fi la scopurile prelucr\u0103rii. \u00cen plus, vizitatorii Site-ului sunt informa\u021bi \u0219i cu privire la drepturile de care beneficiaz\u0103 \u00een temeiul GDPR.<\/p>\n<p>\u00a0<\/p>\n<p><strong>CE SUNT DATELE CU CARACTER PERSONAL?<\/strong><\/p>\n<p>&#8220;Date personale&#8221; i\u0302nseamna\u0306 orice informat\u0326ie sau informat\u0326ii care va\u0306 pot identifica direct (de exemplu numele dumneavoastra\u0306) sau indirect (de exemplu, prin intermediul datelor pseudonime, cum ar fi un numa\u0306r de identificare unic). Aceasta i\u0302nseamna\u0306 ca\u0306 datele personale includ lucruri precum adresa de e-mail, domiciliul, telefonul mobil, numele de utilizator, fotografiile de profil, preferint\u0326ele personale s\u0326i obiceiurile de cumpa\u0306ra\u0306turi, cont\u0326inutul generat de utilizatori, informat\u0326iile financiare s\u0326i informat\u0326iile privind situat\u0326ia financiara\u0306. Acesta ar putea include s\u0326i identificatori numerici unici, cum ar fi adresa IP a computerului dumneavoastra\u0306 sau adresa MAC a dispozitivului dumneavoastra\u0306 mobil, precum s\u0326i modulele cookie.<\/p>\n<p><strong>CE \u00ceNSEAMN\u0102 PRELUCRAREA DATELOR CU CARACTER PERSONAL?<\/strong><\/p>\n<p>\u201cPrelucrarea\u201d \u00eenseamn\u0103 orice opera\u021biune sau set de opera\u021biuni efectuate asupra datelor cu caracter personal sau asupra seturilor de date cu caracter personal, cu sau f\u0103r\u0103 utilizarea de mijloace automatizate, cum ar fi colectarea, \u00eenregistrarea, organizarea, structurarea, stocarea, adaptarea sau modificarea, extragerea, consultarea, utilizarea, divulgarea prin transmitere, diseminarea sau punerea la dispozi\u021bie \u00een orice alt mod, alinierea sau combinarea, restric\u021bionarea, \u0219tergerea sau distrugerea.<\/p>\n<p><strong>\u00a0<\/strong><\/p>\n<p><strong>PRINCIPII PRIVIND PRELUCRAREA DATELOR<\/strong><\/p>\n<p>\u00a0<\/p>\n<p>KOSON PROPERTY S.R.L. se oblig\u0103 s\u0103 respecte principiile de protec\u021bie a datelor cu caracter personal prev\u0103zute de GDPR, pentru a se asigura c\u0103 toate datele cu caracter personal sunt:<\/p>\n<p>\u00a0<\/p>\n<ol>\n<li>Prelucrate \u00een mod corect, legal \u0219i transparent;<\/li>\n<li>Colectate \u00een scopuri specificate, explicite \u0219i legitime;<\/li>\n<li>Adecvate, relevante \u0219i limitate \u00een raport cu scopurile pentru care sunt prelucrate;<\/li>\n<li>Corecte \u0219i actualizate;<\/li>\n<li>P\u0103strate \u00eentr-o form\u0103 care nu permite identificarea persoanelor vizate mai mult timp dec\u00e2t este necesar \u00een raport de scopul prelucr\u0103rii;<\/li>\n<li>Procesate \u00een conformitate cu drepturile persoanei vizate, \u00eentr-un mod care s\u0103 asigure o securitate adecvat\u0103 a prelucr\u0103rii, astfel \u00eenc\u00e2t datele s\u0103 fie integre, confiden\u021biale \u0219i disponibile.<\/li>\n<\/ol>\n<p>\u00a0<\/p>\n<p><strong>TEMEIUL \u0218I<\/strong> <strong>SCOPURILE PRELUCR\u0102RII DATELOR CU CARACTER PERSONAL<\/strong><\/p>\n<p><strong>\u00a0<\/strong><\/p>\n<p><strong>\u00ce<\/strong><strong>n scopul proces\u0103rii formularului de CONTACT. <\/strong><\/p>\n<p><strong>\u00a0<\/strong><\/p>\n<p>KOSON PROPERTY S.R.L. va folosi informa\u021biile pe care le furniza\u021bi \u00een sec\u021biunea corespunz\u0103toare de CONTACT existent\u0103 pe Site (<em>nume, adres\u0103 de e-mail, telefon<\/em>) exclusiv cu scopul de a procesa solicitarea dumneavoastr\u0103.<\/p>\n<p>\u00a0<\/p>\n<p>Prin furnizarea oric\u0103ror date cu caracter personal prin intermediul Site-ului nostru, \u00een\u021belege\u021bi \u0219i sunte\u021bi de acord c\u0103 datele dumneavoastr\u0103 vor fi prelucrate \u00een conformitate cu prevederile prezentei Politici.<\/p>\n<p>\u00a0<\/p>\n<p>V\u0103 rug\u0103m s\u0103 ave\u021bi \u00een vedere faptul c\u0103 pentru a putea procesa solicit\u0103rile dumneavoastr\u0103 transmise \u00een sec\u021biunea de CONTACT a Site-ului, este posibil ca, \u00een anumite circumstan\u021be, s\u0103 avem obliga\u021bia de a divulga datele dumneavoastr\u0103, partenerilor cu care KOSON PROPERTY S.R.L. colaboreaz\u0103 \u0219i\/sau altor ter\u021bi furnizori de servicii ai KOSON PROPERTY S.R.L.<\/p>\n<p>\u00a0<\/p>\n<p>KOSON PROPERTY S.R.L. a adoptat m\u0103suri tehnice \u0219i organizatorice adecvate pentru a asigura securitatea transferului de date, precum \u0219i prelucrarea \u00een conformitate cu cerin\u021bele GDPR a datelor dumneavoastr\u0103 de c\u0103tre entit\u0103\u021bile men\u021bionate anterior.<\/p>\n<p>\u00a0<\/p>\n<p>KOSON PROPERTY S.R.L. \u00a0se oblig\u0103 s\u0103 nu prelucreze datele cu caracter personal furnizate \u00een alt scop dec\u00e2t acela pentru care au fost transmise, cu excep\u021bia situa\u021biilor \u00een care exist\u0103 consim\u021b\u0103m\u00e2ntul dumneavoastr\u0103 expres pentru a le utiliza \u0219i \u00een alte scopuri.<\/p>\n<p><strong>\u00a0<\/strong><\/p>\n<p><strong>PRELUCRAREA DATELOR DE C\u0102TRE TER\u021aI, ALTE SITE-URI \u0218I SPONSORI<\/strong><\/p>\n<p>\u00a0<\/p>\n<p>Site-ul poate con\u021bine, la un moment dat, link-uri de acces c\u0103tre alte site-uri ale c\u0103ror politici de prelucrare a datelor pot fi diferite de cele ale KOSON PROPERTY S.R.L.<\/p>\n<p>\u00a0<\/p>\n<p>V\u0103 rug\u0103m s\u0103 ave\u021bi \u00een vedere \u0219i s\u0103 consulta\u021bi politicile privind protec\u021bia datelor cu caracter personal ale celorlalte Site-uri, KOSON PROPERTY S.R.L. neasum\u00e2ndu-\u0219i responsabilitatea cu privire la informa\u021biile trimise sau colectate de aceste ter\u021be p\u0103r\u021bi.<\/p>\n<p>\u00a0\u00a0\u00a0\u00a0\u00a0\u00a0\u00a0\u00a0\u00a0\u00a0\u00a0\u00a0\u00a0\u00a0\u00a0\u00a0<\/p>\n<p>\u00a0<\/p>\n<p><strong>PERIOADA STOC\u0102RII DATELOR<\/strong><\/p>\n<p><strong>\u00a0<\/strong><\/p>\n<p>KOSON PROPERTY S.R.L. poate p\u0103stra datele prelucrate pentru diferite perioade de timp, apreciate ca fiind rezonabile, \u00een conformitate cu scopurile indicate anterior. P\u0103str\u0103m datele dumneavoastr\u0103 numai pentru perioada necesar\u0103 pentru atingerea scopului pentru care de\u021binem datele, respectiv pentru a r\u0103spunde solicit\u0103rilor dumneavoastra\u0306 sau pentru a ne \u00eendeplini obliga\u021biile impuse de lege.<\/p>\n<p>\u00a0<\/p>\n<p>\u00a0<\/p>\n<p><strong>DREPTURILE PERSOANELOR VIZATE<\/strong><\/p>\n<p>\u00a0<\/p>\n<p>\u00cen contextul prelucr\u0103rii datelor dumneavoastr\u0103 cu caracter personal, ave\u021bi urm\u0103toarele drepturi:<\/p>\n<p>(a) <em>De a accesa datele <\/em>dumneavoastr\u0103: pentru a \u0219ti care dintre datele pe care le prelucram v\u0103 privesc \u0219i care sunt condi\u021biile \u00een care sunt prelucrate;<\/p>\n<p>(b) <em>De a solicita rectificarea sau \u0219tergerea datelor <\/em>dumneavoastr\u0103<em>:<\/em> \u00een anumite circumstan\u021be, ave\u021bi dreptul de a rectifica datele pe care le considera\u021bi inexacte \u0219i care v\u0103 privesc, prelucrate de KOSON PROPERTY S.R.L., precum \u0219i dreptul de a solicita \u0219tergerea datelor atunci c\u00e2nd, printre alte motive, datele nu mai sunt necesare pentru scopurile \u00een care au fost colectate;<\/p>\n<p>(c) <em>De a solicita restric\u021bionarea prelucr\u0103rii datelor <\/em>dumneavoastr\u0103<em>.:<\/em> \u00een anumite circumstan\u021be, ave\u021bi dreptul de a ne solicita restric\u021bionarea prelucr\u0103rii datelor dumneavoastr\u0103, caz \u00een care v\u0103 inform\u0103m c\u0103 vom p\u0103stra respectivele date numai pentru exercitarea sau ap\u0103rarea unui drept \u00een justi\u021bie;<\/p>\n<p>(d) <em>De a v\u0103 opune cu privire la prelucrarea datelor<\/em> din motive legate de situa\u021bia particular\u0103 \u00een care v\u0103 afla\u021bi, atunci c\u00e2nd prelucrarea se \u00eentemeiaz\u0103 pe interes legitim;<\/p>\n<p>(e) <em>De a nu face obiectul unei decizii bazate exclusiv pe prelucrare automatizat\u0103<\/em>, inclusiv crearea de profiluri, care produce efecte juridice pentru persoana vizat\u0103 sau o afecteaz\u0103 pe aceasta \u00een mod similar \u00eentr-o manier\u0103 semnificativ\u0103;<\/p>\n<p>(f) <em>De a va retrage in orice moment consim\u021b\u0103m\u00e2ntul acordat<\/em>;<\/p>\n<p>(g) <em>De a depune o pl\u00e2ngere la Autoritatea Na\u021bional\u0103 de Supraveghere a Prelucr\u0103rii Datelor cu Caracter Personal (ANSPDCP)<\/em> \u0219i de a v\u0103 adresa instan\u021belor de judecat\u0103 competente. Datele dumneavoastr\u0103 cu caracter personal nu vor face obiectul unui proces decizional automatizat (crearea de profiluri).<\/p>\n<p>V\u0103 pute\u021bi exercita oricare dintre aceste drepturi \u00een ceea ce prive\u0219te datele personale pe care KOSON PROPERTY S.R.L. le prelucreaz\u0103 prin adresarea unei cereri c\u0103tre KOSON PROPERTY S.R.L. \u00centr-o astfel de situa\u021bie este foarte posibil s\u0103 solicit\u0103m o dovad\u0103 a identit\u0103\u021bii dumneavoastr\u0103.<\/p>\n<p>\u00a0<\/p>\n<p>\u00a0<\/p>\n<p><strong>SECURITATEA PRELUCR\u0102RII<\/strong><\/p>\n<p>\u00a0<\/p>\n<p>KOSON PROPERTY S.R.L. a adoptat m\u0103suri tehnice \u0219i organizatorice de prelucrare a datelor, actualizate \u00een conformitate cu cerin\u021bele GDPR, cu scopul de a proteja datele dumneavoastr\u0103 cu caracter personal \u00eempotriva oric\u0103ror ac\u021biuni de acces neautorizat, utilizare necorespunz\u0103toare sau divulgare, modificare neautorizat\u0103, distrugere sau pierdere accidental\u0103. To\u021bi angaja\u021bii \u0219i colaboratorii KOSON PROPERTY S.R.L., precum \u0219i orice ter\u021be p\u0103r\u021bi care ac\u021bioneaz\u0103 \u00een numele \u0219i pe seama KOSON PROPERTY S.R.L. sunt obliga\u021bi s\u0103 respecte confiden\u021bialitatea informa\u021biilor dumneavoastr\u0103 \u0219i cerin\u021bele GDPR, \u00een conformitate cu prevederile prezentei Politici.<\/p>\n<p>\u00a0<\/p>\n<p>\u00a0<\/p>\n<p><strong>ACTUALIZAREA POLITICII DE PROTEC\u021aIE \u0218I PRELUCRARE A DATELOR CU CARACTER PERSONAL<\/strong><\/p>\n<p><strong>\u00a0<\/strong><\/p>\n<p>V\u0103 rug\u0103m s\u0103 ave\u021bi \u00een vedere faptul c\u0103 prezenta Politic\u0103 poate face obiectul unor modific\u0103ri periodice de con\u021binut, prin actualizarea Site-ului.<\/p>\n<p>\u00a0<\/p>\n<p>V\u0103 rug\u0103m s\u0103 nu continua\u021bi s\u0103 utiliza\u021bi Site-ul dac\u0103 nu sunte\u021bi de acord cu astfel de modific\u0103ri. De asemenea, v\u0103 recomand\u0103m s\u0103 verifica\u021bi aceast\u0103 pagin\u0103 pentru orice actualizare.<\/p>\n<p>\u00a0<\/p>\n<p>Termenii prezentei Politici se interpreteaz\u0103 \u00een conformitate cu legisla\u021bia aplicabil\u0103.<\/p>\n<p>\u00a0<\/p>\n<p>\u00a0<\/p>\n<p><strong>CONTACT<\/strong><\/p>\n<p><strong>\u00a0<\/strong><\/p>\n<p>Daca\u0306 avet\u0326i i\u0302ntreba\u0306ri sau preocupa\u0306ri cu privire la modul i\u0302n care trata\u0306m s\u0326i folosim datele dumneavoastra\u0306 cu caracter personal sau dorit\u0326i sa\u0306 va\u0306 exercitat\u0326i oricare dintre drepturile dumneavoastra\u0306, va\u0306 ruga\u0306m sa\u0306 ne contactat\u0326i utliz\u00e2nd datele de contact incluse \u00een prezenta Politic\u0103.<\/p>\n<p>\u00a0<\/p>\n<p>\u00a0<\/p>\n<p>\u00a0<\/p>\n<p>\u00a0<\/p>\t\t\t\t\t\t<\/div>\n\t\t\t\t<\/div>\n\t\t\t\t\t<\/div>\n\t\t<\/div>\n\t\t\t\t\t\t\t<\/div>\n\t\t<\/section>\n\t\t\t\t\t\t<\/div>\n\t\t\t\t\t<\/div>\n\t\t","protected":false},"excerpt":{"rendered":"<p>&nbsp; &nbsp; POLITICA PRIVIND PROTEC\u021aIA DATELOR CU CARACTER PERSONAL Protec\u021bia datelor dumneavoastr\u0103 cu caracter personal este important\u0103 pentru noi, prin urmare, acord\u0103m o aten\u021bie deosebit\u0103 protej\u0103rii<span class=\"excerpt-hellip\"> [\u2026]<\/span><\/p>\n","protected":false},"author":1,"featured_media":0,"parent":0,"menu_order":0,"comment_status":"closed","ping_status":"open","template":"","meta":[],"_links":{"self":[{"href":"https:\/\/kosonproperty.ro\/index.php\/wp-json\/wp\/v2\/pages\/3"}],"collection":[{"href":"https:\/\/kosonproperty.ro\/index.php\/wp-json\/wp\/v2\/pages"}],"about":[{"href":"https:\/\/kosonproperty.ro\/index.php\/wp-json\/wp\/v2\/types\/page"}],"author":[{"embeddable":true,"href":"https:\/\/kosonproperty.ro\/index.php\/wp-json\/wp\/v2\/users\/1"}],"replies":[{"embeddable":true,"href":"https:\/\/kosonproperty.ro\/index.php\/wp-json\/wp\/v2\/comments?post=3"}],"version-history":[{"count":7,"href":"https:\/\/kosonproperty.ro\/index.php\/wp-json\/wp\/v2\/pages\/3\/revisions"}],"predecessor-version":[{"id":209,"href":"https:\/\/kosonproperty.ro\/index.php\/wp-json\/wp\/v2\/pages\/3\/revisions\/209"}],"wp:attachment":[{"href":"https:\/\/kosonproperty.ro\/index.php\/wp-json\/wp\/v2\/media?parent=3"}],"curies":[{"name":"wp","href":"https:\/\/api.w.org\/{rel}","templated":true}]}}